{"id":39,"date":"2024-02-27T20:23:33","date_gmt":"2024-02-27T19:23:33","guid":{"rendered":"https:\/\/lmtsas.com\/?page_id=39"},"modified":"2024-02-27T20:44:20","modified_gmt":"2024-02-27T19:44:20","slug":"metales-refinados","status":"publish","type":"page","link":"https:\/\/lmtsas.com\/?page_id=39","title":{"rendered":"Metales Refinados"},"content":{"rendered":"\t\t<div data-elementor-type=\"wp-page\" data-elementor-id=\"39\" class=\"elementor elementor-39\">\n\t\t\t\t<div class=\"elementor-element elementor-element-6d63b31 e-flex e-con-boxed e-con e-parent\" data-id=\"6d63b31\" data-element_type=\"container\">\n\t\t\t\t\t<div class=\"e-con-inner\">\n\t\t<div class=\"elementor-element elementor-element-085c425 e-con-full e-flex e-con e-child\" data-id=\"085c425\" data-element_type=\"container\">\n\t\t\t\t<div class=\"elementor-element elementor-element-7a8a370 elementor-position-top elementor-invisible elementor-widget elementor-widget-image-box\" data-id=\"7a8a370\" data-element_type=\"widget\" data-settings=\"{&quot;_animation&quot;:&quot;fadeInLeft&quot;}\" data-widget_type=\"image-box.default\">\n\t\t\t\t<div class=\"elementor-widget-container\">\n\t\t\t\t\t<div class=\"elementor-image-box-wrapper\"><figure class=\"elementor-image-box-img\"><img fetchpriority=\"high\" decoding=\"async\" width=\"612\" height=\"612\" src=\"https:\/\/lmtsas.com\/wp-content\/uploads\/2024\/02\/zinc.jpg\" class=\"attachment-full size-full wp-image-46\" alt=\"\" srcset=\"https:\/\/lmtsas.com\/wp-content\/uploads\/2024\/02\/zinc.jpg 612w, https:\/\/lmtsas.com\/wp-content\/uploads\/2024\/02\/zinc-300x300.jpg 300w, https:\/\/lmtsas.com\/wp-content\/uploads\/2024\/02\/zinc-150x150.jpg 150w\" sizes=\"(max-width: 612px) 100vw, 612px\" \/><\/figure><div class=\"elementor-image-box-content\"><h3 class=\"elementor-image-box-title\">Zinc<\/h3><p class=\"elementor-image-box-description\">Zinc Special High Grade (SHG)\nZinc High Grade (HG)\nGOB (Prime Western)\nAbrillantador de Zinc (95\/5)\nAleaci\u00f3n Zinc-Nickel 0.5%\nZinc refundido\nZinc Diecast<\/p><\/div><\/div>\t\t\t\t<\/div>\n\t\t\t\t<\/div>\n\t\t\t\t<\/div>\n\t\t<div class=\"elementor-element elementor-element-6d1b461 e-con-full e-flex e-con e-child\" data-id=\"6d1b461\" data-element_type=\"container\">\n\t\t\t\t<div class=\"elementor-element elementor-element-203804b elementor-position-top elementor-invisible elementor-widget elementor-widget-image-box\" data-id=\"203804b\" data-element_type=\"widget\" data-settings=\"{&quot;_animation&quot;:&quot;fadeInRight&quot;}\" data-widget_type=\"image-box.default\">\n\t\t\t\t<div class=\"elementor-widget-container\">\n\t\t\t\t\t<div class=\"elementor-image-box-wrapper\"><figure class=\"elementor-image-box-img\"><img decoding=\"async\" width=\"224\" height=\"224\" src=\"https:\/\/lmtsas.com\/wp-content\/uploads\/2024\/02\/plomo.jpg\" class=\"attachment-full size-full wp-image-45\" alt=\"\" srcset=\"https:\/\/lmtsas.com\/wp-content\/uploads\/2024\/02\/plomo.jpg 224w, https:\/\/lmtsas.com\/wp-content\/uploads\/2024\/02\/plomo-150x150.jpg 150w\" sizes=\"(max-width: 224px) 100vw, 224px\" \/><\/figure><div class=\"elementor-image-box-content\"><h3 class=\"elementor-image-box-title\">Plomo<\/h3><p class=\"elementor-image-box-description\">Plomo suave 99.97% y 99.985%\nPlomo primario 99.99%\nAleaciones de plomo (CTS, E, etc.)\nPlomo de obra<\/p><\/div><\/div>\t\t\t\t<\/div>\n\t\t\t\t<\/div>\n\t\t\t\t<\/div>\n\t\t<div class=\"elementor-element elementor-element-e5e5b30 e-con-full e-flex e-con e-child\" data-id=\"e5e5b30\" data-element_type=\"container\">\n\t\t\t\t<div class=\"elementor-element elementor-element-d8d178b elementor-position-top elementor-invisible elementor-widget elementor-widget-image-box\" data-id=\"d8d178b\" data-element_type=\"widget\" data-settings=\"{&quot;_animation&quot;:&quot;fadeInRight&quot;}\" data-widget_type=\"image-box.default\">\n\t\t\t\t<div class=\"elementor-widget-container\">\n\t\t\t\t\t<div class=\"elementor-image-box-wrapper\"><figure class=\"elementor-image-box-img\"><img decoding=\"async\" width=\"1024\" height=\"1024\" src=\"https:\/\/lmtsas.com\/wp-content\/uploads\/2024\/02\/cobre.jpg\" class=\"attachment-full size-full wp-image-44\" alt=\"\" srcset=\"https:\/\/lmtsas.com\/wp-content\/uploads\/2024\/02\/cobre.jpg 1024w, https:\/\/lmtsas.com\/wp-content\/uploads\/2024\/02\/cobre-300x300.jpg 300w, https:\/\/lmtsas.com\/wp-content\/uploads\/2024\/02\/cobre-150x150.jpg 150w, https:\/\/lmtsas.com\/wp-content\/uploads\/2024\/02\/cobre-768x768.jpg 768w\" sizes=\"(max-width: 1024px) 100vw, 1024px\" \/><\/figure><div class=\"elementor-image-box-content\"><h3 class=\"elementor-image-box-title\">Cobre<\/h3><p class=\"elementor-image-box-description\">C\u00e1todos cortados\nC\u00e1todos sin cortar\nLingotes\nGr\u00e1nulos\nLingotes de Lat\u00f3n<\/p><\/div><\/div>\t\t\t\t<\/div>\n\t\t\t\t<\/div>\n\t\t\t\t<\/div>\n\t\t<div class=\"elementor-element elementor-element-ea2592c e-con-full e-flex e-con e-child\" data-id=\"ea2592c\" data-element_type=\"container\">\n\t\t\t\t<div class=\"elementor-element elementor-element-603e086 elementor-position-top elementor-invisible elementor-widget elementor-widget-image-box\" data-id=\"603e086\" data-element_type=\"widget\" data-settings=\"{&quot;_animation&quot;:&quot;fadeInUp&quot;}\" data-widget_type=\"image-box.default\">\n\t\t\t\t<div class=\"elementor-widget-container\">\n\t\t\t\t\t<div class=\"elementor-image-box-wrapper\"><figure class=\"elementor-image-box-img\"><img loading=\"lazy\" decoding=\"async\" width=\"260\" height=\"280\" src=\"https:\/\/lmtsas.com\/wp-content\/uploads\/2024\/02\/aluminio.webp\" class=\"attachment-full size-full wp-image-43\" alt=\"\" \/><\/figure><div class=\"elementor-image-box-content\"><h3 class=\"elementor-image-box-title\">Aluminio<\/h3><p class=\"elementor-image-box-description\">Lingotes de aluminio\nJumbos de aluminio\nAleaci\u00f3n ADC12\nAleaci\u00f3n DIN226\nAleaci\u00f3n A380<\/p><\/div><\/div>\t\t\t\t<\/div>\n\t\t\t\t<\/div>\n\t\t\t\t<\/div>\n\t\t<div class=\"elementor-element elementor-element-d15ff5b e-con-full e-flex e-con e-child\" data-id=\"d15ff5b\" data-element_type=\"container\">\n\t\t\t\t<div class=\"elementor-element elementor-element-df9162c elementor-position-top elementor-widget elementor-widget-image-box\" data-id=\"df9162c\" data-element_type=\"widget\" data-widget_type=\"image-box.default\">\n\t\t\t\t<div class=\"elementor-widget-container\">\n\t\t\t\t\t<div class=\"elementor-image-box-wrapper\"><figure class=\"elementor-image-box-img\"><img loading=\"lazy\" decoding=\"async\" width=\"800\" height=\"800\" src=\"https:\/\/lmtsas.com\/wp-content\/uploads\/2024\/02\/niquel.jpg\" class=\"attachment-full size-full wp-image-41\" alt=\"\" srcset=\"https:\/\/lmtsas.com\/wp-content\/uploads\/2024\/02\/niquel.jpg 800w, https:\/\/lmtsas.com\/wp-content\/uploads\/2024\/02\/niquel-300x300.jpg 300w, https:\/\/lmtsas.com\/wp-content\/uploads\/2024\/02\/niquel-150x150.jpg 150w, https:\/\/lmtsas.com\/wp-content\/uploads\/2024\/02\/niquel-768x768.jpg 768w\" sizes=\"(max-width: 800px) 100vw, 800px\" \/><\/figure><div class=\"elementor-image-box-content\"><h3 class=\"elementor-image-box-title\">Niquel<\/h3><p class=\"elementor-image-box-description\">C\u00e1todos cortados\nC\u00e1todos sin cortar\nBriquetas<\/p><\/div><\/div>\t\t\t\t<\/div>\n\t\t\t\t<\/div>\n\t\t\t\t<\/div>\n\t\t<div class=\"elementor-element elementor-element-3cd2080 e-con-full e-flex e-con e-child\" data-id=\"3cd2080\" data-element_type=\"container\">\n\t\t\t\t<div class=\"elementor-element elementor-element-6dff6b0 elementor-position-top elementor-invisible elementor-widget elementor-widget-image-box\" data-id=\"6dff6b0\" data-element_type=\"widget\" data-settings=\"{&quot;_animation&quot;:&quot;fadeInLeft&quot;}\" data-widget_type=\"image-box.default\">\n\t\t\t\t<div class=\"elementor-widget-container\">\n\t\t\t\t\t<div class=\"elementor-image-box-wrapper\"><figure class=\"elementor-image-box-img\"><img loading=\"lazy\" decoding=\"async\" width=\"1297\" height=\"1144\" src=\"https:\/\/lmtsas.com\/wp-content\/uploads\/2024\/02\/estano-e1709062247598.jpg\" class=\"attachment-full size-full wp-image-40\" alt=\"\" srcset=\"https:\/\/lmtsas.com\/wp-content\/uploads\/2024\/02\/estano-e1709062247598.jpg 1297w, https:\/\/lmtsas.com\/wp-content\/uploads\/2024\/02\/estano-e1709062247598-300x265.jpg 300w, https:\/\/lmtsas.com\/wp-content\/uploads\/2024\/02\/estano-e1709062247598-1024x903.jpg 1024w, https:\/\/lmtsas.com\/wp-content\/uploads\/2024\/02\/estano-e1709062247598-768x677.jpg 768w\" sizes=\"(max-width: 1297px) 100vw, 1297px\" \/><\/figure><div class=\"elementor-image-box-content\"><h3 class=\"elementor-image-box-title\">Esta\u00f1o<\/h3><p class=\"elementor-image-box-description\">Lingotes 99.97%<\/p><\/div><\/div>\t\t\t\t<\/div>\n\t\t\t\t<\/div>\n\t\t\t\t<\/div>\n\t\t\t\t\t<\/div>\n\t\t\t\t<\/div>\n\t\t<div class=\"elementor-element elementor-element-11cb744 e-flex e-con-boxed e-con e-parent\" data-id=\"11cb744\" data-element_type=\"container\">\n\t\t\t\t\t<div class=\"e-con-inner\">\n\t\t\t\t<div class=\"elementor-element elementor-element-53f0009 elementor-widget elementor-widget-heading\" data-id=\"53f0009\" data-element_type=\"widget\" data-widget_type=\"heading.default\">\n\t\t\t\t<div class=\"elementor-widget-container\">\n\t\t\t\t\t<h2 class=\"elementor-heading-title elementor-size-default\">Bienvenido a LATIN METAL SAS - Expertos en Metales Finos<\/h2>\t\t\t\t<\/div>\n\t\t\t\t<\/div>\n\t\t\t\t\t<\/div>\n\t\t\t\t<\/div>\n\t\t<div class=\"elementor-element elementor-element-2ed198e e-flex e-con-boxed e-con e-parent\" data-id=\"2ed198e\" data-element_type=\"container\">\n\t\t\t\t\t<div class=\"e-con-inner\">\n\t\t\t\t<div class=\"elementor-element elementor-element-c9282b0 elementor-widget elementor-widget-text-editor\" data-id=\"c9282b0\" data-element_type=\"widget\" data-widget_type=\"text-editor.default\">\n\t\t\t\t<div class=\"elementor-widget-container\">\n\t\t\t\t\t\t\t\t\t<p>Descubre la excelencia en cada detalle con\u00a0<strong>LATIN METAL SAS<\/strong>. Somos l\u00edderes en la comercializaci\u00f3n de metales finos, ofreciendo una gama excepcional de productos que cumplen con los m\u00e1s altos est\u00e1ndares de calidad y pureza.<\/p><p>\u00a0<\/p>\t\t\t\t\t\t\t\t<\/div>\n\t\t\t\t<\/div>\n\t\t\t\t\t<\/div>\n\t\t\t\t<\/div>\n\t\t<div class=\"elementor-element elementor-element-4c754d7 e-flex e-con-boxed e-con e-parent\" data-id=\"4c754d7\" data-element_type=\"container\">\n\t\t\t\t\t<div class=\"e-con-inner\">\n\t\t\t\t<div class=\"elementor-element elementor-element-f3e8863 elementor-widget elementor-widget-heading\" data-id=\"f3e8863\" data-element_type=\"widget\" data-widget_type=\"heading.default\">\n\t\t\t\t<div class=\"elementor-widget-container\">\n\t\t\t\t\t<h2 class=\"elementor-heading-title elementor-size-default\">Nuestros Productos:<\/h2>\t\t\t\t<\/div>\n\t\t\t\t<\/div>\n\t\t\t\t\t<\/div>\n\t\t\t\t<\/div>\n\t\t<div class=\"elementor-element elementor-element-668a4d0 e-flex e-con-boxed e-con e-parent\" data-id=\"668a4d0\" data-element_type=\"container\">\n\t\t\t\t\t<div class=\"e-con-inner\">\n\t\t\t\t<div class=\"elementor-element elementor-element-ca1b992 elementor-widget elementor-widget-text-editor\" data-id=\"ca1b992\" data-element_type=\"widget\" data-widget_type=\"text-editor.default\">\n\t\t\t\t<div class=\"elementor-widget-container\">\n\t\t\t\t\t\t\t\t\t<p>Explora nuestra selecta colecci\u00f3n de metales finos, donde cada pieza es cuidadosamente seleccionada para satisfacer las demandas m\u00e1s exigentes de la industria. Desde platino y oro hasta paladio y plata, ofrecemos una variedad de metales preciosos que son la elecci\u00f3n preferida de profesionales y empresas en todo el mundo.<\/p>\t\t\t\t\t\t\t\t<\/div>\n\t\t\t\t<\/div>\n\t\t\t\t\t<\/div>\n\t\t\t\t<\/div>\n\t\t<div class=\"elementor-element elementor-element-723c0ab e-flex e-con-boxed e-con e-parent\" data-id=\"723c0ab\" data-element_type=\"container\">\n\t\t\t\t\t<div class=\"e-con-inner\">\n\t\t\t\t<div class=\"elementor-element elementor-element-293397d elementor-widget elementor-widget-heading\" data-id=\"293397d\" data-element_type=\"widget\" data-widget_type=\"heading.default\">\n\t\t\t\t<div class=\"elementor-widget-container\">\n\t\t\t\t\t<h2 class=\"elementor-heading-title elementor-size-default\">Compromiso con la Calidad:<\/h2>\t\t\t\t<\/div>\n\t\t\t\t<\/div>\n\t\t\t\t\t<\/div>\n\t\t\t\t<\/div>\n\t\t<div class=\"elementor-element elementor-element-4e9d1ab e-flex e-con-boxed e-con e-parent\" data-id=\"4e9d1ab\" data-element_type=\"container\">\n\t\t\t\t\t<div class=\"e-con-inner\">\n\t\t\t\t<div class=\"elementor-element elementor-element-d380e10 elementor-widget elementor-widget-text-editor\" data-id=\"d380e10\" data-element_type=\"widget\" data-widget_type=\"text-editor.default\">\n\t\t\t\t<div class=\"elementor-widget-container\">\n\t\t\t\t\t\t\t\t\t<p>En Latin Metals sas, la calidad es nuestra prioridad. Cada metal fino que comercializamos pasa por rigurosos controles de calidad para garantizar su autenticidad y pureza. Trabajamos con proveedores confiables y expertos en la industria para ofrecerte productos que superan tus expectativas.<\/p>\t\t\t\t\t\t\t\t<\/div>\n\t\t\t\t<\/div>\n\t\t\t\t\t<\/div>\n\t\t\t\t<\/div>\n\t\t<div class=\"elementor-element elementor-element-18bdb44 e-flex e-con-boxed e-con e-parent\" data-id=\"18bdb44\" data-element_type=\"container\">\n\t\t\t\t\t<div class=\"e-con-inner\">\n\t\t\t\t<div class=\"elementor-element elementor-element-8d3e6d8 elementor-widget elementor-widget-heading\" data-id=\"8d3e6d8\" data-element_type=\"widget\" data-widget_type=\"heading.default\">\n\t\t\t\t<div class=\"elementor-widget-container\">\n\t\t\t\t\t<h2 class=\"elementor-heading-title elementor-size-default\">Servicios Personalizados:<\/h2>\t\t\t\t<\/div>\n\t\t\t\t<\/div>\n\t\t\t\t\t<\/div>\n\t\t\t\t<\/div>\n\t\t<div class=\"elementor-element elementor-element-012d64a e-flex e-con-boxed e-con e-parent\" data-id=\"012d64a\" data-element_type=\"container\">\n\t\t\t\t\t<div class=\"e-con-inner\">\n\t\t\t\t<div class=\"elementor-element elementor-element-63d825b elementor-widget elementor-widget-text-editor\" data-id=\"63d825b\" data-element_type=\"widget\" data-widget_type=\"text-editor.default\">\n\t\t\t\t<div class=\"elementor-widget-container\">\n\t\t\t\t\t\t\t\t\t<p>Entendemos que cada cliente es \u00fanico. Por ello, ofrecemos servicios personalizados que se adaptan a tus necesidades espec\u00edficas. Ya sea que est\u00e9s buscando metales finos para la joyer\u00eda, la industria electr\u00f3nica o la investigaci\u00f3n cient\u00edfica, estamos aqu\u00ed para satisfacer tus requisitos con precisi\u00f3n.<\/p>\t\t\t\t\t\t\t\t<\/div>\n\t\t\t\t<\/div>\n\t\t\t\t\t<\/div>\n\t\t\t\t<\/div>\n\t\t<div class=\"elementor-element elementor-element-21e5a07 e-flex e-con-boxed e-con e-parent\" data-id=\"21e5a07\" data-element_type=\"container\">\n\t\t\t\t\t<div class=\"e-con-inner\">\n\t\t\t\t<div class=\"elementor-element elementor-element-c29a910 elementor-widget elementor-widget-heading\" data-id=\"c29a910\" data-element_type=\"widget\" data-widget_type=\"heading.default\">\n\t\t\t\t<div class=\"elementor-widget-container\">\n\t\t\t\t\t<h2 class=\"elementor-heading-title elementor-size-default\">Compromiso Ambiental:<\/h2>\t\t\t\t<\/div>\n\t\t\t\t<\/div>\n\t\t\t\t\t<\/div>\n\t\t\t\t<\/div>\n\t\t<div class=\"elementor-element elementor-element-af8c511 e-flex e-con-boxed e-con e-parent\" data-id=\"af8c511\" data-element_type=\"container\">\n\t\t\t\t\t<div class=\"e-con-inner\">\n\t\t\t\t<div class=\"elementor-element elementor-element-db053ff elementor-widget elementor-widget-text-editor\" data-id=\"db053ff\" data-element_type=\"widget\" data-widget_type=\"text-editor.default\">\n\t\t\t\t<div class=\"elementor-widget-container\">\n\t\t\t\t\t\t\t\t\t<p>En\u00a0<strong>LATIN METAL SAS<\/strong>, nos enorgullece promover pr\u00e1cticas comerciales sostenibles. Trabajamos de la mano con proveedores comprometidos con la extracci\u00f3n y producci\u00f3n responsable de metales finos, asegurando que cada transacci\u00f3n contribuya positivamente al cuidado del medio ambiente.<\/p>\t\t\t\t\t\t\t\t<\/div>\n\t\t\t\t<\/div>\n\t\t\t\t\t<\/div>\n\t\t\t\t<\/div>\n\t\t<div class=\"elementor-element elementor-element-751419f e-flex e-con-boxed e-con e-parent\" data-id=\"751419f\" data-element_type=\"container\">\n\t\t\t\t\t<div class=\"e-con-inner\">\n\t\t\t\t<div class=\"elementor-element elementor-element-df51975 elementor-widget elementor-widget-heading\" data-id=\"df51975\" data-element_type=\"widget\" data-widget_type=\"heading.default\">\n\t\t\t\t<div class=\"elementor-widget-container\">\n\t\t\t\t\t<h2 class=\"elementor-heading-title elementor-size-default\">Haz Negocios con Confianza:<\/h2>\t\t\t\t<\/div>\n\t\t\t\t<\/div>\n\t\t\t\t\t<\/div>\n\t\t\t\t<\/div>\n\t\t<div class=\"elementor-element elementor-element-a83162e e-flex e-con-boxed e-con e-parent\" data-id=\"a83162e\" data-element_type=\"container\">\n\t\t\t\t\t<div class=\"e-con-inner\">\n\t\t\t\t<div class=\"elementor-element elementor-element-24accf1 elementor-widget elementor-widget-text-editor\" data-id=\"24accf1\" data-element_type=\"widget\" data-widget_type=\"text-editor.default\">\n\t\t\t\t<div class=\"elementor-widget-container\">\n\t\t\t\t\t\t\t\t\t<p>Con a\u00f1os de experiencia en la industria,\u00a0<strong>LATIN METAL SAS<\/strong>\u00a0se ha ganado la confianza de clientes globales gracias a nuestra integridad y compromiso inquebrantable con la calidad. \u00danete a nuestra creciente comunidad de clientes satisfechos y descubre por qu\u00e9 somos la elecci\u00f3n preferida para la comercializaci\u00f3n de metales finos.<\/p><p>Explora nuestro cat\u00e1logo y sum\u00e9rgete en el mundo de la excelencia en metales finos con\u00a0<strong style=\"color: var( --e-global-color-text ); font-family: var( --e-global-typography-text-font-family ), Sans-serif; text-align: var(--text-align); font-style: inherit; text-transform: inherit;\">LATIN METAL SAS.<\/strong><\/p>\t\t\t\t\t\t\t\t<\/div>\n\t\t\t\t<\/div>\n\t\t\t\t\t<\/div>\n\t\t\t\t<\/div>\n\t\t\t\t<\/div>\n\t\t","protected":false},"excerpt":{"rendered":"<p>Zinc Zinc Special High Grade (SHG) Zinc High Grade (HG) GOB (Prime Western) Abrillantador de Zinc (95\/5) Aleaci\u00f3n Zinc-Nickel 0.5% Zinc refundido Zinc Diecast Plomo [&hellip;]<\/p>\n","protected":false},"author":1,"featured_media":10,"parent":0,"menu_order":0,"comment_status":"closed","ping_status":"closed","template":"elementor_header_footer","meta":{"footnotes":""},"class_list":["post-39","page","type-page","status-publish","has-post-thumbnail","hentry"],"_links":{"self":[{"href":"https:\/\/lmtsas.com\/index.php?rest_route=\/wp\/v2\/pages\/39","targetHints":{"allow":["GET"]}}],"collection":[{"href":"https:\/\/lmtsas.com\/index.php?rest_route=\/wp\/v2\/pages"}],"about":[{"href":"https:\/\/lmtsas.com\/index.php?rest_route=\/wp\/v2\/types\/page"}],"author":[{"embeddable":true,"href":"https:\/\/lmtsas.com\/index.php?rest_route=\/wp\/v2\/users\/1"}],"replies":[{"embeddable":true,"href":"https:\/\/lmtsas.com\/index.php?rest_route=%2Fwp%2Fv2%2Fcomments&post=39"}],"version-history":[{"count":5,"href":"https:\/\/lmtsas.com\/index.php?rest_route=\/wp\/v2\/pages\/39\/revisions"}],"predecessor-version":[{"id":57,"href":"https:\/\/lmtsas.com\/index.php?rest_route=\/wp\/v2\/pages\/39\/revisions\/57"}],"wp:featuredmedia":[{"embeddable":true,"href":"https:\/\/lmtsas.com\/index.php?rest_route=\/wp\/v2\/media\/10"}],"wp:attachment":[{"href":"https:\/\/lmtsas.com\/index.php?rest_route=%2Fwp%2Fv2%2Fmedia&parent=39"}],"curies":[{"name":"wp","href":"https:\/\/api.w.org\/{rel}","templated":true}]}}