{"id":58,"date":"2024-02-27T20:46:37","date_gmt":"2024-02-27T19:46:37","guid":{"rendered":"https:\/\/lmtsas.com\/?page_id=58"},"modified":"2024-02-27T21:12:07","modified_gmt":"2024-02-27T20:12:07","slug":"residuos-industriales","status":"publish","type":"page","link":"https:\/\/lmtsas.com\/?page_id=58","title":{"rendered":"Residuos Industriales"},"content":{"rendered":"\t\t<div data-elementor-type=\"wp-page\" data-elementor-id=\"58\" class=\"elementor elementor-58\">\n\t\t\t\t<div class=\"elementor-element elementor-element-13199e3 e-flex e-con-boxed e-con e-parent\" data-id=\"13199e3\" data-element_type=\"container\">\n\t\t\t\t\t<div class=\"e-con-inner\">\n\t\t<div class=\"elementor-element elementor-element-a4b2d3c e-con-full e-flex e-con e-child\" data-id=\"a4b2d3c\" data-element_type=\"container\">\n\t\t\t\t<div class=\"elementor-element elementor-element-36d2c97 elementor-position-top elementor-invisible elementor-widget elementor-widget-image-box\" data-id=\"36d2c97\" data-element_type=\"widget\" data-settings=\"{&quot;_animation&quot;:&quot;fadeIn&quot;}\" data-widget_type=\"image-box.default\">\n\t\t\t\t<div class=\"elementor-widget-container\">\n\t\t\t\t\t<div class=\"elementor-image-box-wrapper\"><figure class=\"elementor-image-box-img\"><img fetchpriority=\"high\" decoding=\"async\" width=\"290\" height=\"174\" src=\"https:\/\/lmtsas.com\/wp-content\/uploads\/2024\/02\/10.jpg\" class=\"attachment-full size-full wp-image-17\" alt=\"\" \/><\/figure><div class=\"elementor-image-box-content\"><h3 class=\"elementor-image-box-title\">Zinc<\/h3><p class=\"elementor-image-box-description\">Dross de zinc de fondo y de superficie\nDross de Galfan, Galvalume y diecast\nZinc recuperado y fondo de tina de zinc\nCenizas y polvo de Zinc y diecast\nPolvo MZR\nFinas, polvo y gr\u00e1nulos de Zinc\n\u00d3xido de Zinc (Bajo pedido)<\/p><\/div><\/div>\t\t\t\t<\/div>\n\t\t\t\t<\/div>\n\t\t\t\t<\/div>\n\t\t<div class=\"elementor-element elementor-element-557797c e-con-full e-flex e-con e-child\" data-id=\"557797c\" data-element_type=\"container\">\n\t\t\t\t<div class=\"elementor-element elementor-element-0178c12 elementor-position-top elementor-invisible elementor-widget elementor-widget-image-box\" data-id=\"0178c12\" data-element_type=\"widget\" data-settings=\"{&quot;_animation&quot;:&quot;fadeInDown&quot;}\" data-widget_type=\"image-box.default\">\n\t\t\t\t<div class=\"elementor-widget-container\">\n\t\t\t\t\t<div class=\"elementor-image-box-wrapper\"><figure class=\"elementor-image-box-img\"><img decoding=\"async\" width=\"2560\" height=\"1645\" src=\"https:\/\/lmtsas.com\/wp-content\/uploads\/2024\/02\/planchas_de_cobre.jpg-scaled.webp\" class=\"attachment-full size-full wp-image-61\" alt=\"\" srcset=\"https:\/\/lmtsas.com\/wp-content\/uploads\/2024\/02\/planchas_de_cobre.jpg-scaled.webp 2560w, https:\/\/lmtsas.com\/wp-content\/uploads\/2024\/02\/planchas_de_cobre.jpg-300x193.webp 300w, https:\/\/lmtsas.com\/wp-content\/uploads\/2024\/02\/planchas_de_cobre.jpg-1024x658.webp 1024w, https:\/\/lmtsas.com\/wp-content\/uploads\/2024\/02\/planchas_de_cobre.jpg-768x493.webp 768w, https:\/\/lmtsas.com\/wp-content\/uploads\/2024\/02\/planchas_de_cobre.jpg-1536x987.webp 1536w, https:\/\/lmtsas.com\/wp-content\/uploads\/2024\/02\/planchas_de_cobre.jpg-2048x1316.webp 2048w\" sizes=\"(max-width: 2560px) 100vw, 2560px\" \/><\/figure><div class=\"elementor-image-box-content\"><h3 class=\"elementor-image-box-title\">Cobre y Aleaciones<\/h3><p class=\"elementor-image-box-description\">Mate y dross de cobre\nCeniza y dross de Lat\u00f3n<\/p><\/div><\/div>\t\t\t\t<\/div>\n\t\t\t\t<\/div>\n\t\t\t\t<\/div>\n\t\t<div class=\"elementor-element elementor-element-7610e70 e-con-full e-flex e-con e-child\" data-id=\"7610e70\" data-element_type=\"container\">\n\t\t\t\t<div class=\"elementor-element elementor-element-b970761 elementor-position-top elementor-invisible elementor-widget elementor-widget-image-box\" data-id=\"b970761\" data-element_type=\"widget\" data-settings=\"{&quot;_animation&quot;:&quot;fadeInLeft&quot;}\" data-widget_type=\"image-box.default\">\n\t\t\t\t<div class=\"elementor-widget-container\">\n\t\t\t\t\t<div class=\"elementor-image-box-wrapper\"><figure class=\"elementor-image-box-img\"><img decoding=\"async\" width=\"800\" height=\"600\" src=\"https:\/\/lmtsas.com\/wp-content\/uploads\/2024\/02\/Zinc-dros2.jpg\" class=\"attachment-full size-full wp-image-62\" alt=\"\" srcset=\"https:\/\/lmtsas.com\/wp-content\/uploads\/2024\/02\/Zinc-dros2.jpg 800w, https:\/\/lmtsas.com\/wp-content\/uploads\/2024\/02\/Zinc-dros2-300x225.jpg 300w, https:\/\/lmtsas.com\/wp-content\/uploads\/2024\/02\/Zinc-dros2-768x576.jpg 768w\" sizes=\"(max-width: 800px) 100vw, 800px\" \/><\/figure><div class=\"elementor-image-box-content\"><h3 class=\"elementor-image-box-title\">Aluminio<\/h3><p class=\"elementor-image-box-description\">Dross de aluminio\nResiduos de aluminio<\/p><\/div><\/div>\t\t\t\t<\/div>\n\t\t\t\t<\/div>\n\t\t\t\t<\/div>\n\t\t<div class=\"elementor-element elementor-element-7cc5beb e-con-full e-flex e-con e-child\" data-id=\"7cc5beb\" data-element_type=\"container\">\n\t\t\t\t<div class=\"elementor-element elementor-element-68e9ee4 elementor-position-top elementor-invisible elementor-widget elementor-widget-image-box\" data-id=\"68e9ee4\" data-element_type=\"widget\" data-settings=\"{&quot;_animation&quot;:&quot;fadeInRight&quot;}\" data-widget_type=\"image-box.default\">\n\t\t\t\t<div class=\"elementor-widget-container\">\n\t\t\t\t\t<div class=\"elementor-image-box-wrapper\"><figure class=\"elementor-image-box-img\"><img loading=\"lazy\" decoding=\"async\" width=\"1280\" height=\"960\" src=\"https:\/\/lmtsas.com\/wp-content\/uploads\/2024\/02\/Dross-de-plomo.jpg\" class=\"attachment-full size-full wp-image-63\" alt=\"\" srcset=\"https:\/\/lmtsas.com\/wp-content\/uploads\/2024\/02\/Dross-de-plomo.jpg 1280w, https:\/\/lmtsas.com\/wp-content\/uploads\/2024\/02\/Dross-de-plomo-300x225.jpg 300w, https:\/\/lmtsas.com\/wp-content\/uploads\/2024\/02\/Dross-de-plomo-1024x768.jpg 1024w, https:\/\/lmtsas.com\/wp-content\/uploads\/2024\/02\/Dross-de-plomo-768x576.jpg 768w\" sizes=\"(max-width: 1280px) 100vw, 1280px\" \/><\/figure><div class=\"elementor-image-box-content\"><h3 class=\"elementor-image-box-title\">Plomo<\/h3><p class=\"elementor-image-box-description\">Dross de plomo\nCuba de Plomo\nPolvo de plomo (Bajo convenio de Basilea)\nPlacas de plomo<\/p><\/div><\/div>\t\t\t\t<\/div>\n\t\t\t\t<\/div>\n\t\t\t\t<\/div>\n\t\t\t\t\t<\/div>\n\t\t\t\t<\/div>\n\t\t<div class=\"elementor-element elementor-element-d9ef17d e-flex e-con-boxed e-con e-parent\" data-id=\"d9ef17d\" data-element_type=\"container\">\n\t\t\t\t\t<div class=\"e-con-inner\">\n\t\t\t\t<div class=\"elementor-element elementor-element-4b4abc2 elementor-widget elementor-widget-heading\" data-id=\"4b4abc2\" data-element_type=\"widget\" data-widget_type=\"heading.default\">\n\t\t\t\t<div class=\"elementor-widget-container\">\n\t\t\t\t\t<h2 class=\"elementor-heading-title elementor-size-default\">Bienvenido a Latin Metal SAS - Transformando Residuos en Oportunidades Sostenibles<\/h2>\t\t\t\t<\/div>\n\t\t\t\t<\/div>\n\t\t\t\t\t<\/div>\n\t\t\t\t<\/div>\n\t\t<div class=\"elementor-element elementor-element-c31796a e-con-full e-flex e-con e-parent\" data-id=\"c31796a\" data-element_type=\"container\">\n\t\t\t\t<div class=\"elementor-element elementor-element-7feab5b elementor-widget elementor-widget-text-editor\" data-id=\"7feab5b\" data-element_type=\"widget\" data-widget_type=\"text-editor.default\">\n\t\t\t\t<div class=\"elementor-widget-container\">\n\t\t\t\t\t\t\t\t\t<p>\u00a0<\/p><p>En Latin Metal sas, lideramos la revoluci\u00f3n de la comercializaci\u00f3n de residuos met\u00e1licos, ofreciendo soluciones innovadoras y sostenibles para la gesti\u00f3n de desechos industriales. Nos enorgullece ser pioneros en un enfoque que no solo reduce la huella ambiental, sino que tambi\u00e9n crea oportunidades econ\u00f3micas significativas.<\/p>\t\t\t\t\t\t\t\t<\/div>\n\t\t\t\t<\/div>\n\t\t\t\t<\/div>\n\t\t<div class=\"elementor-element elementor-element-4e80208 e-flex e-con-boxed e-con e-parent\" data-id=\"4e80208\" data-element_type=\"container\">\n\t\t\t\t\t<div class=\"e-con-inner\">\n\t\t\t\t<div class=\"elementor-element elementor-element-a410e2e elementor-widget elementor-widget-heading\" data-id=\"a410e2e\" data-element_type=\"widget\" data-widget_type=\"heading.default\">\n\t\t\t\t<div class=\"elementor-widget-container\">\n\t\t\t\t\t<h2 class=\"elementor-heading-title elementor-size-default\">Nuestra Oferta:<\/h2>\t\t\t\t<\/div>\n\t\t\t\t<\/div>\n\t\t\t\t\t<\/div>\n\t\t\t\t<\/div>\n\t\t<div class=\"elementor-element elementor-element-6a658ab e-flex e-con-boxed e-con e-parent\" data-id=\"6a658ab\" data-element_type=\"container\">\n\t\t\t\t\t<div class=\"e-con-inner\">\n\t\t\t\t<div class=\"elementor-element elementor-element-cbe2580 elementor-widget elementor-widget-text-editor\" data-id=\"cbe2580\" data-element_type=\"widget\" data-widget_type=\"text-editor.default\">\n\t\t\t\t<div class=\"elementor-widget-container\">\n\t\t\t\t\t\t\t\t\t<p>Explora nuestro completo cat\u00e1logo de residuos met\u00e1licos, desde chatarras y escorias hasta desechos industriales especializados. Trabajamos con una amplia gama de materiales, incluyendo acero, aluminio, cobre y m\u00e1s, transformando lo que antes era considerado desecho en valiosos recursos.<\/p>\t\t\t\t\t\t\t\t<\/div>\n\t\t\t\t<\/div>\n\t\t\t\t\t<\/div>\n\t\t\t\t<\/div>\n\t\t<div class=\"elementor-element elementor-element-ace49d1 e-flex e-con-boxed e-con e-parent\" data-id=\"ace49d1\" data-element_type=\"container\">\n\t\t\t\t\t<div class=\"e-con-inner\">\n\t\t\t\t<div class=\"elementor-element elementor-element-8b03063 elementor-widget elementor-widget-heading\" data-id=\"8b03063\" data-element_type=\"widget\" data-widget_type=\"heading.default\">\n\t\t\t\t<div class=\"elementor-widget-container\">\n\t\t\t\t\t<h2 class=\"elementor-heading-title elementor-size-default\">Compromiso Ambiental:<\/h2>\t\t\t\t<\/div>\n\t\t\t\t<\/div>\n\t\t\t\t\t<\/div>\n\t\t\t\t<\/div>\n\t\t<div class=\"elementor-element elementor-element-f0a3366 e-flex e-con-boxed e-con e-parent\" data-id=\"f0a3366\" data-element_type=\"container\">\n\t\t\t\t\t<div class=\"e-con-inner\">\n\t\t\t\t<div class=\"elementor-element elementor-element-284e607 elementor-widget elementor-widget-text-editor\" data-id=\"284e607\" data-element_type=\"widget\" data-widget_type=\"text-editor.default\">\n\t\t\t\t<div class=\"elementor-widget-container\">\n\t\t\t\t\t\t\t\t\t<p>En Latin Metal sas, creemos en la responsabilidad ambiental. Colaboramos estrechamente con industrias y empresas comprometidas con pr\u00e1cticas sostenibles. Nuestro enfoque no solo se trata de comercializar residuos, sino de promover un ciclo cerrado que minimiza el impacto ambiental y contribuye a la econom\u00eda circular.<\/p>\t\t\t\t\t\t\t\t<\/div>\n\t\t\t\t<\/div>\n\t\t\t\t\t<\/div>\n\t\t\t\t<\/div>\n\t\t<div class=\"elementor-element elementor-element-080e5ca e-flex e-con-boxed e-con e-parent\" data-id=\"080e5ca\" data-element_type=\"container\">\n\t\t\t\t\t<div class=\"e-con-inner\">\n\t\t\t\t<div class=\"elementor-element elementor-element-a7af657 elementor-widget elementor-widget-heading\" data-id=\"a7af657\" data-element_type=\"widget\" data-widget_type=\"heading.default\">\n\t\t\t\t<div class=\"elementor-widget-container\">\n\t\t\t\t\t<h2 class=\"elementor-heading-title elementor-size-default\">Valor Econ\u00f3mico y Social:<\/h2>\t\t\t\t<\/div>\n\t\t\t\t<\/div>\n\t\t\t\t\t<\/div>\n\t\t\t\t<\/div>\n\t\t<div class=\"elementor-element elementor-element-c484a27 e-flex e-con-boxed e-con e-parent\" data-id=\"c484a27\" data-element_type=\"container\">\n\t\t\t\t\t<div class=\"e-con-inner\">\n\t\t\t\t<div class=\"elementor-element elementor-element-35e91fe elementor-widget elementor-widget-text-editor\" data-id=\"35e91fe\" data-element_type=\"widget\" data-widget_type=\"text-editor.default\">\n\t\t\t\t<div class=\"elementor-widget-container\">\n\t\t\t\t\t\t\t\t\t<p>Al comercializar residuos met\u00e1licos con nosotros, no solo est\u00e1s contribuyendo a la salud del planeta, sino tambi\u00e9n a tu propio \u00e9xito econ\u00f3mico. Ofrecemos soluciones rentables que permiten a las empresas maximizar el valor de sus residuos, convirti\u00e9ndolos en recursos valiosos y generando beneficios econ\u00f3micos y sociales.<\/p>\t\t\t\t\t\t\t\t<\/div>\n\t\t\t\t<\/div>\n\t\t\t\t\t<\/div>\n\t\t\t\t<\/div>\n\t\t<div class=\"elementor-element elementor-element-bd7488e e-flex e-con-boxed e-con e-parent\" data-id=\"bd7488e\" data-element_type=\"container\">\n\t\t\t\t\t<div class=\"e-con-inner\">\n\t\t\t\t<div class=\"elementor-element elementor-element-f394c80 elementor-widget elementor-widget-heading\" data-id=\"f394c80\" data-element_type=\"widget\" data-widget_type=\"heading.default\">\n\t\t\t\t<div class=\"elementor-widget-container\">\n\t\t\t\t\t<h2 class=\"elementor-heading-title elementor-size-default\">Servicios Personalizados:<\/h2>\t\t\t\t<\/div>\n\t\t\t\t<\/div>\n\t\t\t\t\t<\/div>\n\t\t\t\t<\/div>\n\t\t<div class=\"elementor-element elementor-element-193470c e-flex e-con-boxed e-con e-parent\" data-id=\"193470c\" data-element_type=\"container\">\n\t\t\t\t\t<div class=\"e-con-inner\">\n\t\t\t\t<div class=\"elementor-element elementor-element-d74f648 elementor-widget elementor-widget-text-editor\" data-id=\"d74f648\" data-element_type=\"widget\" data-widget_type=\"text-editor.default\">\n\t\t\t\t<div class=\"elementor-widget-container\">\n\t\t\t\t\t\t\t\t\t<p>Entendemos que cada empresa es \u00fanica, por lo que ofrecemos servicios personalizados adaptados a tus necesidades espec\u00edficas. Ya sea que est\u00e9s buscando una soluci\u00f3n integral de gesti\u00f3n de residuos o est\u00e9s interesado en la compra de materiales reciclados, estamos aqu\u00ed para ayudarte a alcanzar tus objetivos.<\/p>\t\t\t\t\t\t\t\t<\/div>\n\t\t\t\t<\/div>\n\t\t\t\t\t<\/div>\n\t\t\t\t<\/div>\n\t\t<div class=\"elementor-element elementor-element-42e013c e-flex e-con-boxed e-con e-parent\" data-id=\"42e013c\" data-element_type=\"container\">\n\t\t\t\t\t<div class=\"e-con-inner\">\n\t\t\t\t<div class=\"elementor-element elementor-element-6a5e26d elementor-widget elementor-widget-heading\" data-id=\"6a5e26d\" data-element_type=\"widget\" data-widget_type=\"heading.default\">\n\t\t\t\t<div class=\"elementor-widget-container\">\n\t\t\t\t\t<h2 class=\"elementor-heading-title elementor-size-default\">Transforma tus Residuos con Nosotros:<\/h2>\t\t\t\t<\/div>\n\t\t\t\t<\/div>\n\t\t\t\t\t<\/div>\n\t\t\t\t<\/div>\n\t\t<div class=\"elementor-element elementor-element-74dd2e5 e-flex e-con-boxed e-con e-parent\" data-id=\"74dd2e5\" data-element_type=\"container\">\n\t\t\t\t\t<div class=\"e-con-inner\">\n\t\t\t\t<div class=\"elementor-element elementor-element-01f14cd elementor-widget elementor-widget-text-editor\" data-id=\"01f14cd\" data-element_type=\"widget\" data-widget_type=\"text-editor.default\">\n\t\t\t\t<div class=\"elementor-widget-container\">\n\t\t\t\t\t\t\t\t\t<p>\u00danete a la comunidad de empresas visionarias que eligen Latin Metal sas para la comercializaci\u00f3n de residuos met\u00e1licos. Descubre c\u00f3mo transformamos los desechos en oportunidades sostenibles y da el paso hacia un futuro m\u00e1s limpio y pr\u00f3spero.<\/p>\t\t\t\t\t\t\t\t<\/div>\n\t\t\t\t<\/div>\n\t\t\t\t\t<\/div>\n\t\t\t\t<\/div>\n\t\t\t\t<\/div>\n\t\t","protected":false},"excerpt":{"rendered":"<p>Zinc Dross de zinc de fondo y de superficie Dross de Galfan, Galvalume y diecast Zinc recuperado y fondo de tina de zinc Cenizas y [&hellip;]<\/p>\n","protected":false},"author":1,"featured_media":0,"parent":0,"menu_order":0,"comment_status":"closed","ping_status":"closed","template":"templates\/template-page-full-width.php","meta":{"footnotes":""},"class_list":["post-58","page","type-page","status-publish","hentry"],"_links":{"self":[{"href":"https:\/\/lmtsas.com\/index.php?rest_route=\/wp\/v2\/pages\/58","targetHints":{"allow":["GET"]}}],"collection":[{"href":"https:\/\/lmtsas.com\/index.php?rest_route=\/wp\/v2\/pages"}],"about":[{"href":"https:\/\/lmtsas.com\/index.php?rest_route=\/wp\/v2\/types\/page"}],"author":[{"embeddable":true,"href":"https:\/\/lmtsas.com\/index.php?rest_route=\/wp\/v2\/users\/1"}],"replies":[{"embeddable":true,"href":"https:\/\/lmtsas.com\/index.php?rest_route=%2Fwp%2Fv2%2Fcomments&post=58"}],"version-history":[{"count":7,"href":"https:\/\/lmtsas.com\/index.php?rest_route=\/wp\/v2\/pages\/58\/revisions"}],"predecessor-version":[{"id":69,"href":"https:\/\/lmtsas.com\/index.php?rest_route=\/wp\/v2\/pages\/58\/revisions\/69"}],"wp:attachment":[{"href":"https:\/\/lmtsas.com\/index.php?rest_route=%2Fwp%2Fv2%2Fmedia&parent=58"}],"curies":[{"name":"wp","href":"https:\/\/api.w.org\/{rel}","templated":true}]}}